{"id":3801,"date":"2015-05-12T17:11:53","date_gmt":"2015-05-12T17:11:53","guid":{"rendered":"http:\/\/www.bhgrealestate.com\/?page_id=3801"},"modified":"2015-05-12T17:11:53","modified_gmt":"2015-05-12T17:11:53","slug":"smtest","status":"publish","type":"page","link":"https:\/\/bhgrecareer.com\/bebetterblog\/smtest\/","title":{"rendered":"smtest"},"content":{"rendered":"<p><img decoding=\"async\" class=\"alignleft wp-image-3351 size-full\" src=\"http:\/\/www.bhgrealestate.com\/wp-content\/uploads\/2015\/05\/Siempre-Mujer-Campaign_landingpage_r15_03.jpg\" alt=\"Siempre-Mujer-Campaign_landingpage_r15_03\" width=\"100%\" height=\"200%\" \/><\/p>\n<h3><span style=\"color: #339966\">Reciba consejos de decoraci\u00f3n del hogar, dise\u00f1o de exteriores, y de la compraventa del inmueble, ofrecidos por los expertos en estilo de vida y dise\u00f1o de Better Homes and Garden\u00ae Real Estate.<\/span><\/h3>\n<p>&nbsp;<\/p>\n<div style=\"width: 20%;float: left;padding: 10px\"><strong><span style=\"color: #339966\"><a style=\"color: #339966\" href=\"http:\/\/www.bhgrealestate.com\/wp-content\/uploads\/2015\/05\/7957_Siempre-Mujer-Campaign_landingpage_r15_08.jpg\"><img decoding=\"async\" class=\"alignleft wp-image-3461 size-full\" src=\"http:\/\/www.bhgrealestate.com\/wp-content\/uploads\/2015\/05\/Siempre-Mujer-Campaign_landingpage_r15_06.jpg\" alt=\"Siempre-Mujer-Campaign_landingpage_r15_06\" width=\"100%\" height=\"100%\" \/><br \/>\n<\/a><\/span><\/strong><\/div>\n<div style=\"width: 30%;float: left;padding: 10px\"><strong><span style=\"color: #339966\">Marlene Pratt<\/span><\/strong><br \/>\n<strong><span style=\"color: #339966\"> Dise\u00f1adora profesional<\/span><\/strong><br \/>\nMarlene Pratt \u2013 la profesional en<br \/>\nmejoras al hogar de Casa Latina \u2013<br \/>\ncuenta con m\u00e1s de una d\u00e9cada de<br \/>\nexperiencia en el dise\u00f1o y renovaci\u00f3n<br \/>\nde interiores. Marlene ha sido<br \/>\ncoanfitri\u00f3n del programa \u201cFix-It Line\u201d<br \/>\nen Discovery Channel, conductora<br \/>\ndel segmento \u201cMejorando su hogar\u201d,<br \/>\nTambi\u00e9n ha salido en los canales FOX,<br \/>\nCBS, WNBC, CNN, y WPIX-TV de WB.<\/div>\n<div style=\"width: 20%;float: left;padding: 10px\">\n<p><img decoding=\"async\" class=\"wp-image-3451 size-full\" src=\"http:\/\/www.bhgrealestate.com\/wp-content\/uploads\/2015\/05\/7957_Siempre-Mujer-Campaign_landingpage_r15_08.jpg\" alt=\"7957_Siempre-Mujer-Campaign_landingpage_r15_08\" width=\"100%\" height=\"100%\" \/><\/p>\n<p>&nbsp;<\/p>\n<p>&nbsp;<\/p>\n<\/div>\n<div style=\"width: 30%;float: left;padding: 10px\"><strong><span style=\"color: #339966\">Carolina Buia<br \/>\nProfesional de estilo de vida<\/span><\/strong><br \/>\nCarolina Buia, autora de Latin<br \/>\nChic-Entertaining with Style and Sass,<br \/>\nes de la familia actual de Newsweek<br \/>\nmagazine y su contribuyente. Ha escrito sobre gastronom\u00eda, viajes y moda para<br \/>\nConde Nast Traveler, InStyle y The<br \/>\nMiami Herald, y ha aportado como<br \/>\nrecurso a CNN, YAHOO, MSNBC y FOX<br \/>\nNews.<\/div>\n<p>&nbsp;<\/p>\n<hr align=\"left\" size=\"15\" width=\"100%\" \/>\n<div class=\"row\">\n<div class=\"one column\"><span style=\"font-size: 14px\">El maravilloso mundo de los colores<\/span> <span style=\"color: #339966\"><strong><br \/>\n<\/strong><\/span><\/p>\n<p>&nbsp;<\/p>\n<\/div>\n<div class=\"two column\">\n<p><span style=\"font-size: 14px\">El atractivo exterior de la casa<\/span><\/p>\n<p>&nbsp;<\/p>\n<\/div>\n<div class=\"three column\">\n<p><span><span style=\"font-size: 14px\">Una cocina saludable<\/span><\/span><\/p>\n<p>&nbsp;<\/p>\n<\/div>\n<\/div>\n<div style=\"width: 33%;padding: 10px;float: left\">\n<span style=\"font-size: 14px\">C\u00f3mo comprar casa por primera vez<\/span><\/p>\n<p>&nbsp;<\/p>\n<\/div>\n<div style=\"width: 33%;float: left;padding: 10px\">\n<p><span style=\"font-size: 14px\">C\u00f3mo seleccionar a un contratista<\/span><\/p>\n<p>&nbsp;<\/p>\n<\/div>\n<div style=\"width: 33%;float: left;padding: 10px\">\n<p><span style=\"font-size: 14px\">Creando un oasis en el patio<\/span><\/p>\n<p>&nbsp;<\/p>\n<\/div>\n<div style=\"width: 33%;float: left;padding: 10px\">\n<p><span style=\"font-size: 14px\">Creando un hogar ecol\u00f3gicamente amigable<\/span><\/p>\n<p>&nbsp;<\/p>\n<\/div>\n<div style=\"width: 33%;float: left;padding: 10px\">\n<p><span style=\"font-size: 14px\">Decorando las ventanas<\/span><\/p>\n<p>&nbsp;<\/p>\n<\/div>\n<div style=\"width: 33%;float: left;padding: 10px\">\n<p><span style=\"font-size: 14px\">Utilizando la iluminaci\u00f3n para dar vida a una habitaci\u00f3n<\/span><\/p>\n<hr \/>\n<p>&nbsp;<\/p>\n<\/div>\n<div style=\"width: 33%;float: left;padding: 10px\">\n<p><span style=\"font-size: 14px\">Una oficina en su hogar<\/span><\/p>\n<hr \/>\n<p>&nbsp;<\/p>\n<\/div>\n<div style=\"width: 33%;float: left;padding: 10px\">\n<p><span style=\"font-size: 14px\">Estaci\u00f3n de carga para aparatos electr\u00f3nicos<\/span><\/p>\n<hr \/>\n<p>&nbsp;<\/p>\n<\/div>\n<div style=\"width: 33%;float: left;padding: 10px\">\n<span style=\"font-size: 14px\">Sala de estar de concepto abierto<\/span><\/p>\n<hr \/>\n<p>&nbsp;<\/p>\n<\/div>\n<div style=\"width: 33%;float: left;padding: 10px\">\n<span style=\"font-size: 14px\">Consejos para vender su casa<\/span><\/p>\n<hr \/>\n<p>&nbsp;<\/p>\n<\/div>\n<div style=\"width: 33%;float: left;padding: 10px\">\n<span style=\"font-size: 14px\">Organizar el cuarto de lavander\u00eda en su casa<\/span><\/p>\n<hr \/>\n<p>&nbsp;<\/p>\n<\/div>\n<div style=\"width: 33%;float: left;padding: 10px\">\n<span style=\"font-size: 14px\">Espacio para hacer ejercicios<\/span><\/p>\n<hr \/>\n<p>&nbsp;<\/p>\n<\/div>\n<div style=\"width: 33%;float: left;padding: 10px\">\n<span style=\"font-size: 14px\">Para una venta r\u00e1pida descongestiona los espacios<\/span><\/p>\n<hr \/>\n<\/div>\n<div style=\"width: 33%;float: left;padding: 10px\">\n<span style=\"font-size: 14px\">Transforma un cuarto &#8212;&#8212;- Que buscar en una cocina?<\/span><\/p>\n<hr \/>\n<p>&nbsp;<\/p>\n<\/div>\n<div style=\"width: 33%;float: left;padding: 10px\">\n<span style=\"font-size: 14px\">Vive por un tiempo<\/span><\/p>\n<hr \/>\n<p>&nbsp;<\/p>\n<\/div>\n<div style=\"width: 33%;float: left;padding: 10px\">\n<span style=\"font-size: 14px\">Transforma un cuarto<\/span><\/p>\n<hr \/>\n<\/div>\n","protected":false},"excerpt":{"rendered":"<p>Reciba consejos de decoraci\u00f3n del hogar, dise\u00f1o de exteriores, y de la compraventa del inmueble, ofrecidos por los expertos en estilo de vida y dise\u00f1o de Better Homes and Garden\u00ae Real Estate. &nbsp; Marlene Pratt Dise\u00f1adora profesional Marlene Pratt \u2013 la profesional en mejoras al hogar de Casa Latina \u2013 cuenta con m\u00e1s de una [&hellip;]<\/p>\n","protected":false},"author":31,"featured_media":0,"parent":0,"menu_order":0,"comment_status":"closed","ping_status":"closed","template":"page-template-full-width.php","meta":{"footnotes":""},"class_list":["post-3801","page","type-page","status-publish","hentry"],"yoast_head":"<!-- This site is optimized with the Yoast SEO plugin v27.2 - https:\/\/yoast.com\/product\/yoast-seo-wordpress\/ -->\n<title>smtest - Better Homes and Gardens Real Estate Be Better Blog<\/title>\n<meta name=\"robots\" content=\"index, follow, max-snippet:-1, max-image-preview:large, max-video-preview:-1\" \/>\n<link rel=\"canonical\" href=\"https:\/\/bhgrecareer.com\/bebetterblog\/smtest\/\" \/>\n<meta property=\"og:locale\" content=\"en_US\" \/>\n<meta property=\"og:type\" content=\"article\" \/>\n<meta property=\"og:title\" content=\"smtest - Better Homes and Gardens Real Estate Be Better Blog\" \/>\n<meta property=\"og:description\" content=\"Reciba consejos de decoraci\u00f3n del hogar, dise\u00f1o de exteriores, y de la compraventa del inmueble, ofrecidos por los expertos en estilo de vida y dise\u00f1o de Better Homes and Garden\u00ae Real Estate. &nbsp; Marlene Pratt Dise\u00f1adora profesional Marlene Pratt \u2013 la profesional en mejoras al hogar de Casa Latina \u2013 cuenta con m\u00e1s de una [&hellip;]\" \/>\n<meta property=\"og:url\" content=\"https:\/\/bhgrecareer.com\/bebetterblog\/smtest\/\" \/>\n<meta property=\"og:site_name\" content=\"Better Homes and Gardens Real Estate Be Better Blog\" \/>\n<meta property=\"og:image\" content=\"http:\/\/www.bhgrealestate.com\/wp-content\/uploads\/2015\/05\/Siempre-Mujer-Campaign_landingpage_r15_03.jpg\" \/>\n<meta name=\"twitter:card\" content=\"summary_large_image\" \/>\n<meta name=\"twitter:label1\" content=\"Est. reading time\" \/>\n\t<meta name=\"twitter:data1\" content=\"1 minute\" \/>\n<script type=\"application\/ld+json\" class=\"yoast-schema-graph\">{\"@context\":\"https:\/\/schema.org\",\"@graph\":[{\"@type\":\"WebPage\",\"@id\":\"https:\/\/bhgrecareer.com\/bebetterblog\/smtest\/\",\"url\":\"https:\/\/bhgrecareer.com\/bebetterblog\/smtest\/\",\"name\":\"smtest - Better Homes and Gardens Real Estate Be Better Blog\",\"isPartOf\":{\"@id\":\"https:\/\/bhgrecareer.com\/bebetterblog\/#website\"},\"primaryImageOfPage\":{\"@id\":\"https:\/\/bhgrecareer.com\/bebetterblog\/smtest\/#primaryimage\"},\"image\":{\"@id\":\"https:\/\/bhgrecareer.com\/bebetterblog\/smtest\/#primaryimage\"},\"thumbnailUrl\":\"http:\/\/www.bhgrealestate.com\/wp-content\/uploads\/2015\/05\/Siempre-Mujer-Campaign_landingpage_r15_03.jpg\",\"datePublished\":\"2015-05-12T17:11:53+00:00\",\"breadcrumb\":{\"@id\":\"https:\/\/bhgrecareer.com\/bebetterblog\/smtest\/#breadcrumb\"},\"inLanguage\":\"en-US\",\"potentialAction\":[{\"@type\":\"ReadAction\",\"target\":[\"https:\/\/bhgrecareer.com\/bebetterblog\/smtest\/\"]}]},{\"@type\":\"ImageObject\",\"inLanguage\":\"en-US\",\"@id\":\"https:\/\/bhgrecareer.com\/bebetterblog\/smtest\/#primaryimage\",\"url\":\"http:\/\/www.bhgrealestate.com\/wp-content\/uploads\/2015\/05\/Siempre-Mujer-Campaign_landingpage_r15_03.jpg\",\"contentUrl\":\"http:\/\/www.bhgrealestate.com\/wp-content\/uploads\/2015\/05\/Siempre-Mujer-Campaign_landingpage_r15_03.jpg\"},{\"@type\":\"BreadcrumbList\",\"@id\":\"https:\/\/bhgrecareer.com\/bebetterblog\/smtest\/#breadcrumb\",\"itemListElement\":[{\"@type\":\"ListItem\",\"position\":1,\"name\":\"Home\",\"item\":\"https:\/\/bhgrecareer.com\/bebetterblog\/\"},{\"@type\":\"ListItem\",\"position\":2,\"name\":\"smtest\"}]},{\"@type\":\"WebSite\",\"@id\":\"https:\/\/bhgrecareer.com\/bebetterblog\/#website\",\"url\":\"https:\/\/bhgrecareer.com\/bebetterblog\/\",\"name\":\"Better Homes and Gardens Real Estate Be Better Blog\",\"description\":\"Insights into the Real Estate Industry\",\"publisher\":{\"@id\":\"https:\/\/bhgrecareer.com\/bebetterblog\/#organization\"},\"potentialAction\":[{\"@type\":\"SearchAction\",\"target\":{\"@type\":\"EntryPoint\",\"urlTemplate\":\"https:\/\/bhgrecareer.com\/bebetterblog\/?s={search_term_string}\"},\"query-input\":{\"@type\":\"PropertyValueSpecification\",\"valueRequired\":true,\"valueName\":\"search_term_string\"}}],\"inLanguage\":\"en-US\"},{\"@type\":\"Organization\",\"@id\":\"https:\/\/bhgrecareer.com\/bebetterblog\/#organization\",\"name\":\"Better Homes and Gardens Real Estate Be Better Blog\",\"url\":\"https:\/\/bhgrecareer.com\/bebetterblog\/\",\"logo\":{\"@type\":\"ImageObject\",\"inLanguage\":\"en-US\",\"@id\":\"https:\/\/bhgrecareer.com\/bebetterblog\/#\/schema\/logo\/image\/\",\"url\":\"https:\/\/bhgrecareer.com\/bebetterblog\/wp-content\/uploads\/sites\/11\/2021\/11\/BHGRE_bug.png\",\"contentUrl\":\"https:\/\/bhgrecareer.com\/bebetterblog\/wp-content\/uploads\/sites\/11\/2021\/11\/BHGRE_bug.png\",\"width\":76,\"height\":76,\"caption\":\"Better Homes and Gardens Real Estate Be Better Blog\"},\"image\":{\"@id\":\"https:\/\/bhgrecareer.com\/bebetterblog\/#\/schema\/logo\/image\/\"}}]}<\/script>\n<!-- \/ Yoast SEO plugin. -->","yoast_head_json":{"title":"smtest - Better Homes and Gardens Real Estate Be Better Blog","robots":{"index":"index","follow":"follow","max-snippet":"max-snippet:-1","max-image-preview":"max-image-preview:large","max-video-preview":"max-video-preview:-1"},"canonical":"https:\/\/bhgrecareer.com\/bebetterblog\/smtest\/","og_locale":"en_US","og_type":"article","og_title":"smtest - Better Homes and Gardens Real Estate Be Better Blog","og_description":"Reciba consejos de decoraci\u00f3n del hogar, dise\u00f1o de exteriores, y de la compraventa del inmueble, ofrecidos por los expertos en estilo de vida y dise\u00f1o de Better Homes and Garden\u00ae Real Estate. &nbsp; Marlene Pratt Dise\u00f1adora profesional Marlene Pratt \u2013 la profesional en mejoras al hogar de Casa Latina \u2013 cuenta con m\u00e1s de una [&hellip;]","og_url":"https:\/\/bhgrecareer.com\/bebetterblog\/smtest\/","og_site_name":"Better Homes and Gardens Real Estate Be Better Blog","og_image":[{"url":"http:\/\/www.bhgrealestate.com\/wp-content\/uploads\/2015\/05\/Siempre-Mujer-Campaign_landingpage_r15_03.jpg","type":"","width":"","height":""}],"twitter_card":"summary_large_image","twitter_misc":{"Est. reading time":"1 minute"},"schema":{"@context":"https:\/\/schema.org","@graph":[{"@type":"WebPage","@id":"https:\/\/bhgrecareer.com\/bebetterblog\/smtest\/","url":"https:\/\/bhgrecareer.com\/bebetterblog\/smtest\/","name":"smtest - Better Homes and Gardens Real Estate Be Better Blog","isPartOf":{"@id":"https:\/\/bhgrecareer.com\/bebetterblog\/#website"},"primaryImageOfPage":{"@id":"https:\/\/bhgrecareer.com\/bebetterblog\/smtest\/#primaryimage"},"image":{"@id":"https:\/\/bhgrecareer.com\/bebetterblog\/smtest\/#primaryimage"},"thumbnailUrl":"http:\/\/www.bhgrealestate.com\/wp-content\/uploads\/2015\/05\/Siempre-Mujer-Campaign_landingpage_r15_03.jpg","datePublished":"2015-05-12T17:11:53+00:00","breadcrumb":{"@id":"https:\/\/bhgrecareer.com\/bebetterblog\/smtest\/#breadcrumb"},"inLanguage":"en-US","potentialAction":[{"@type":"ReadAction","target":["https:\/\/bhgrecareer.com\/bebetterblog\/smtest\/"]}]},{"@type":"ImageObject","inLanguage":"en-US","@id":"https:\/\/bhgrecareer.com\/bebetterblog\/smtest\/#primaryimage","url":"http:\/\/www.bhgrealestate.com\/wp-content\/uploads\/2015\/05\/Siempre-Mujer-Campaign_landingpage_r15_03.jpg","contentUrl":"http:\/\/www.bhgrealestate.com\/wp-content\/uploads\/2015\/05\/Siempre-Mujer-Campaign_landingpage_r15_03.jpg"},{"@type":"BreadcrumbList","@id":"https:\/\/bhgrecareer.com\/bebetterblog\/smtest\/#breadcrumb","itemListElement":[{"@type":"ListItem","position":1,"name":"Home","item":"https:\/\/bhgrecareer.com\/bebetterblog\/"},{"@type":"ListItem","position":2,"name":"smtest"}]},{"@type":"WebSite","@id":"https:\/\/bhgrecareer.com\/bebetterblog\/#website","url":"https:\/\/bhgrecareer.com\/bebetterblog\/","name":"Better Homes and Gardens Real Estate Be Better Blog","description":"Insights into the Real Estate Industry","publisher":{"@id":"https:\/\/bhgrecareer.com\/bebetterblog\/#organization"},"potentialAction":[{"@type":"SearchAction","target":{"@type":"EntryPoint","urlTemplate":"https:\/\/bhgrecareer.com\/bebetterblog\/?s={search_term_string}"},"query-input":{"@type":"PropertyValueSpecification","valueRequired":true,"valueName":"search_term_string"}}],"inLanguage":"en-US"},{"@type":"Organization","@id":"https:\/\/bhgrecareer.com\/bebetterblog\/#organization","name":"Better Homes and Gardens Real Estate Be Better Blog","url":"https:\/\/bhgrecareer.com\/bebetterblog\/","logo":{"@type":"ImageObject","inLanguage":"en-US","@id":"https:\/\/bhgrecareer.com\/bebetterblog\/#\/schema\/logo\/image\/","url":"https:\/\/bhgrecareer.com\/bebetterblog\/wp-content\/uploads\/sites\/11\/2021\/11\/BHGRE_bug.png","contentUrl":"https:\/\/bhgrecareer.com\/bebetterblog\/wp-content\/uploads\/sites\/11\/2021\/11\/BHGRE_bug.png","width":76,"height":76,"caption":"Better Homes and Gardens Real Estate Be Better Blog"},"image":{"@id":"https:\/\/bhgrecareer.com\/bebetterblog\/#\/schema\/logo\/image\/"}}]}},"_links":{"self":[{"href":"https:\/\/bhgrecareer.com\/bebetterblog\/wp-json\/wp\/v2\/pages\/3801","targetHints":{"allow":["GET"]}}],"collection":[{"href":"https:\/\/bhgrecareer.com\/bebetterblog\/wp-json\/wp\/v2\/pages"}],"about":[{"href":"https:\/\/bhgrecareer.com\/bebetterblog\/wp-json\/wp\/v2\/types\/page"}],"author":[{"embeddable":true,"href":"https:\/\/bhgrecareer.com\/bebetterblog\/wp-json\/wp\/v2\/users\/31"}],"replies":[{"embeddable":true,"href":"https:\/\/bhgrecareer.com\/bebetterblog\/wp-json\/wp\/v2\/comments?post=3801"}],"version-history":[{"count":0,"href":"https:\/\/bhgrecareer.com\/bebetterblog\/wp-json\/wp\/v2\/pages\/3801\/revisions"}],"wp:attachment":[{"href":"https:\/\/bhgrecareer.com\/bebetterblog\/wp-json\/wp\/v2\/media?parent=3801"}],"curies":[{"name":"wp","href":"https:\/\/api.w.org\/{rel}","templated":true}]}}