{"id":3341,"date":"2015-05-11T17:27:44","date_gmt":"2015-05-11T17:27:44","guid":{"rendered":"http:\/\/www.bhgrealestate.com\/?page_id=3341"},"modified":"2015-05-11T17:27:44","modified_gmt":"2015-05-11T17:27:44","slug":"siempre-mujer","status":"publish","type":"page","link":"https:\/\/bhgrecareer.com\/bebetterblog\/siempre-mujer\/","title":{"rendered":""},"content":{"rendered":"<p><img decoding=\"async\" class=\"alignleft wp-image-3351 size-full\" src=\"http:\/\/www.bhgrealestate.com\/wp-content\/uploads\/2015\/05\/Siempre-Mujer-Campaign_landingpage_r15_03.jpg\" alt=\"Siempre-Mujer-Campaign_landingpage_r15_03\" width=\"100%\" height=\"200%\" \/><\/p>\n<h3><span style=\"color: #339966\">Reciba consejos de decoraci\u00f3n del hogar, dise\u00f1o de exteriores, y de la compraventa del inmueble, ofrecidos por los expertos en estilo de vida y dise\u00f1o de Better Homes and Garden\u00ae Real Estate.<\/span><\/h3>\n<div class=\"row\">\n<div class=\"col-sm-12 col-md-6\">\n<div class=\"row\">\n<div class=\"col-xs-6 col-sm-3 col-md-5\">\n<img decoding=\"async\" class=\"alignleft wp-image-3461 size-full\" src=\"http:\/\/www.bhgrealestate.com\/wp-content\/uploads\/2015\/05\/Siempre-Mujer-Campaign_landingpage_r15_06.jpg\" alt=\"Siempre-Mujer-Campaign_landingpage_r15_06\" width=\"100%\" height=\"100%\" \/>\n<\/div>\n<div class=\"col-xs-12 col-sm-9 col-md-7\">\n<div style=\"color:#339966;font-weight:bold\">Marlene Pratt<\/div>\n<div style=\"color:#339966;font-weight:bold\">Dise\u00f1adora profesional<\/div>\n<p>\nMarlene Pratt \u2013 la profesional en mejoras al hogar de <em>Casa Latina<\/em> \u2013 cuenta con m\u00e1s de una d\u00e9cada de experiencia en el dise\u00f1o y renovaci\u00f3n de interiores. Marlene ha sido coanfitri\u00f3n del programa <em>\u201cFix-It Line\u201d<\/em> en Discovery Channel, conductora del segmento <em>\u201cMejorando su hogar\u201d<\/em>, Tambi\u00e9n ha salido en los canales FOX, CBS, WNBC, CNN, y WPIX-TV de WB.\n<\/p>\n<\/div>\n<\/div>\n<\/div>\n<div class=\"col-sm-12 col-md-6\">\n<div class=\"row\">\n<div class=\"col-xs-6 col-sm-3 col-md-5\">\n<img decoding=\"async\" class=\"alignleft wp-image-3451 size-full\" src=\"http:\/\/www.bhgrealestate.com\/wp-content\/uploads\/2015\/05\/7957_Siempre-Mujer-Campaign_landingpage_r15_08.jpg\" alt=\"7957_Siempre-Mujer-Campaign_landingpage_r15_08\" width=\"100%\" height=\"100%\" \/>\n<\/div>\n<div class=\"col-xs-12 col-sm-9 col-md-7\">\n<div style=\"color:#339966;font-weight:bold\">Carolina Buia<\/div>\n<div style=\"color:#339966;font-weight:bold\">Profesional de estilo de vida<\/div>\n<p>\nCarolina Buia, autora de Latin Chic-<em>Entertaining with Style and Sass<\/em>, es de la familia actual de Newsweek magazine y su contribuyente. Ha escrito sobre gastronom\u00eda, viajes y moda para <em>Conde Nast Traveler, InStyle y The Miami Herald<\/em>, y ha aportado como recurso a CNN, YAHOO, MSNBC y FOX News.\n<\/p>\n<\/div>\n<\/div>\n<\/div>\n<\/div>\n<hr align=\"left\" size=\"15\" width=\"100%\" \/>\n<div class=\"row\">\n<div class=\"col-xs-12 col-sm-6 col-md-4\">\n<div style=\"font-size: 14px;overflow: hidden\">El maravilloso mundo de los colores<\/div>\n<hr \/>\n<\/div>\n<div class=\"col-xs-12 col-sm-6 col-md-4\">\n<div style=\"font-size: 14px;overflow: hidden\">El atractivo exterior de la casa<\/div>\n<hr \/>\n<\/div>\n<div class=\"col-xs-12 col-sm-6 col-md-4\">\n<div style=\"font-size: 14px;overflow: hidden\">Una cocina saludable<\/div>\n<hr \/>\n<\/div>\n<div class=\"col-xs-12 col-sm-6 col-md-4\">\n<div style=\"font-size: 14px;overflow: hidden\">C\u00f3mo comprar casa por primera vez<\/div>\n<hr \/>\n<\/div>\n<div class=\"col-xs-12 col-sm-6 col-md-4\">\n<div style=\"font-size: 14px;overflow: hidden\">C\u00f3mo seleccionar a un contratista<\/div>\n<hr \/>\n<\/div>\n<div class=\"col-xs-12 col-sm-6 col-md-4\">\n<div style=\"font-size: 14px;overflow: hidden\">Creando un oasis en el patio<\/div>\n<hr \/>\n<\/div>\n<div class=\"col-xs-12 col-sm-6 col-md-4\">\n<div style=\"font-size: 14px;overflow: hidden\">Creando un hogar ecol\u00f3gicamente amigable<\/div>\n<hr \/>\n<\/div>\n<div class=\"col-xs-12 col-sm-6 col-md-4\">\n<div style=\"font-size: 14px;overflow: hidden\">Decorando las ventanas<\/div>\n<hr \/>\n<\/div>\n<div class=\"col-xs-12 col-sm-6 col-md-4\">\n<div style=\"font-size: 14px;overflow: hidden\">Utilizando la iluminaci\u00f3n para dar vida a una habitaci\u00f3n<\/div>\n<hr \/>\n<\/div>\n<div class=\"col-xs-12 col-sm-6 col-md-4\">\n<div style=\"font-size: 14px;overflow: hidden\">Una oficina en su hogar<\/div>\n<hr \/>\n<\/div>\n<div class=\"col-xs-12 col-sm-6 col-md-4\">\n<div style=\"font-size: 14px;overflow: hidden\">Estaci\u00f3n de carga para aparatos electr\u00f3nicos<\/div>\n<hr \/>\n<\/div>\n<div class=\"col-xs-12 col-sm-6 col-md-4\">\n<div style=\"font-size: 14px;overflow: hidden\">Sala de estar de concepto abierto<\/div>\n<hr \/>\n<\/div>\n<div class=\"col-xs-12 col-sm-6 col-md-4\">\n<div style=\"font-size: 14px;overflow: hidden\">Consejos para vender su casa<\/div>\n<hr \/>\n<\/div>\n<div class=\"col-xs-12 col-sm-6 col-md-4\">\n<div style=\"font-size: 14px;overflow: hidden\">Organizar el cuarto de lavander\u00eda en su casa<\/div>\n<hr \/>\n<\/div>\n<div class=\"col-xs-12 col-sm-6 col-md-4\">\n<div style=\"font-size: 14px;overflow: hidden\">Espacio para hacer ejercicios<\/div>\n<hr \/>\n<\/div>\n<div class=\"col-xs-12 col-sm-6 col-md-4\">\n<div style=\"font-size: 14px;overflow: hidden\">Para una venta r\u00e1pida descongestiona los espacios<\/div>\n<hr \/>\n<\/div>\n<div class=\"col-xs-12 col-sm-6 col-md-4\">\n<div style=\"font-size: 14px;overflow: hidden\">Transforma un cuarto &#8212;&#8212;- Que buscar en una cocina?<\/div>\n<hr \/>\n<\/div>\n<div class=\"col-xs-12 col-sm-6 col-md-4\">\n<div style=\"font-size: 14px;overflow: hidden\">Vive por un tiempo<\/div>\n<hr \/>\n<\/div>\n<div class=\"col-xs-12 col-sm-6 col-md-4\">\n<div style=\"font-size: 14px;overflow: hidden\">Transforma un cuarto<\/div>\n<hr \/>\n<\/div>\n<\/div>\n","protected":false},"excerpt":{"rendered":"<p>Reciba consejos de decoraci\u00f3n del hogar, dise\u00f1o de exteriores, y de la compraventa del inmueble, ofrecidos por los expertos en estilo de vida y dise\u00f1o de Better Homes and Garden\u00ae Real Estate. Marlene Pratt Dise\u00f1adora profesional Marlene Pratt \u2013 la profesional en mejoras al hogar de Casa Latina \u2013 cuenta con m\u00e1s de una d\u00e9cada [&hellip;]<\/p>\n","protected":false},"author":31,"featured_media":0,"parent":0,"menu_order":0,"comment_status":"closed","ping_status":"closed","template":"","meta":{"footnotes":""},"class_list":["post-3341","page","type-page","status-publish","hentry"],"yoast_head":"<!-- This site is optimized with the Yoast SEO plugin v27.2 - https:\/\/yoast.com\/product\/yoast-seo-wordpress\/ -->\n<title>- Better Homes and Gardens Real Estate Be Better Blog<\/title>\n<meta name=\"robots\" content=\"index, follow, max-snippet:-1, max-image-preview:large, max-video-preview:-1\" \/>\n<link rel=\"canonical\" href=\"https:\/\/bhgrecareer.com\/bebetterblog\/siempre-mujer\/\" \/>\n<meta property=\"og:locale\" content=\"en_US\" \/>\n<meta property=\"og:type\" content=\"article\" \/>\n<meta property=\"og:title\" content=\"- Better Homes and Gardens Real Estate Be Better Blog\" \/>\n<meta property=\"og:description\" content=\"Reciba consejos de decoraci\u00f3n del hogar, dise\u00f1o de exteriores, y de la compraventa del inmueble, ofrecidos por los expertos en estilo de vida y dise\u00f1o de Better Homes and Garden\u00ae Real Estate. Marlene Pratt Dise\u00f1adora profesional Marlene Pratt \u2013 la profesional en mejoras al hogar de Casa Latina \u2013 cuenta con m\u00e1s de una d\u00e9cada [&hellip;]\" \/>\n<meta property=\"og:url\" content=\"https:\/\/bhgrecareer.com\/bebetterblog\/siempre-mujer\/\" \/>\n<meta property=\"og:site_name\" content=\"Better Homes and Gardens Real Estate Be Better Blog\" \/>\n<meta property=\"og:image\" content=\"http:\/\/www.bhgrealestate.com\/wp-content\/uploads\/2015\/05\/Siempre-Mujer-Campaign_landingpage_r15_03.jpg\" \/>\n<meta name=\"twitter:card\" content=\"summary_large_image\" \/>\n<meta name=\"twitter:label1\" content=\"Est. reading time\" \/>\n\t<meta name=\"twitter:data1\" content=\"1 minute\" \/>\n<script type=\"application\/ld+json\" class=\"yoast-schema-graph\">{\"@context\":\"https:\/\/schema.org\",\"@graph\":[{\"@type\":\"WebPage\",\"@id\":\"https:\/\/bhgrecareer.com\/bebetterblog\/siempre-mujer\/\",\"url\":\"https:\/\/bhgrecareer.com\/bebetterblog\/siempre-mujer\/\",\"name\":\"- Better Homes and Gardens Real Estate Be Better Blog\",\"isPartOf\":{\"@id\":\"https:\/\/bhgrecareer.com\/bebetterblog\/#website\"},\"primaryImageOfPage\":{\"@id\":\"https:\/\/bhgrecareer.com\/bebetterblog\/siempre-mujer\/#primaryimage\"},\"image\":{\"@id\":\"https:\/\/bhgrecareer.com\/bebetterblog\/siempre-mujer\/#primaryimage\"},\"thumbnailUrl\":\"http:\/\/www.bhgrealestate.com\/wp-content\/uploads\/2015\/05\/Siempre-Mujer-Campaign_landingpage_r15_03.jpg\",\"datePublished\":\"2015-05-11T17:27:44+00:00\",\"inLanguage\":\"en-US\",\"potentialAction\":[{\"@type\":\"ReadAction\",\"target\":[\"https:\/\/bhgrecareer.com\/bebetterblog\/siempre-mujer\/\"]}]},{\"@type\":\"ImageObject\",\"inLanguage\":\"en-US\",\"@id\":\"https:\/\/bhgrecareer.com\/bebetterblog\/siempre-mujer\/#primaryimage\",\"url\":\"http:\/\/www.bhgrealestate.com\/wp-content\/uploads\/2015\/05\/Siempre-Mujer-Campaign_landingpage_r15_03.jpg\",\"contentUrl\":\"http:\/\/www.bhgrealestate.com\/wp-content\/uploads\/2015\/05\/Siempre-Mujer-Campaign_landingpage_r15_03.jpg\"},{\"@type\":\"WebSite\",\"@id\":\"https:\/\/bhgrecareer.com\/bebetterblog\/#website\",\"url\":\"https:\/\/bhgrecareer.com\/bebetterblog\/\",\"name\":\"Better Homes and Gardens Real Estate Be Better Blog\",\"description\":\"Insights into the Real Estate Industry\",\"publisher\":{\"@id\":\"https:\/\/bhgrecareer.com\/bebetterblog\/#organization\"},\"potentialAction\":[{\"@type\":\"SearchAction\",\"target\":{\"@type\":\"EntryPoint\",\"urlTemplate\":\"https:\/\/bhgrecareer.com\/bebetterblog\/?s={search_term_string}\"},\"query-input\":{\"@type\":\"PropertyValueSpecification\",\"valueRequired\":true,\"valueName\":\"search_term_string\"}}],\"inLanguage\":\"en-US\"},{\"@type\":\"Organization\",\"@id\":\"https:\/\/bhgrecareer.com\/bebetterblog\/#organization\",\"name\":\"Better Homes and Gardens Real Estate Be Better Blog\",\"url\":\"https:\/\/bhgrecareer.com\/bebetterblog\/\",\"logo\":{\"@type\":\"ImageObject\",\"inLanguage\":\"en-US\",\"@id\":\"https:\/\/bhgrecareer.com\/bebetterblog\/#\/schema\/logo\/image\/\",\"url\":\"https:\/\/bhgrecareer.com\/bebetterblog\/wp-content\/uploads\/sites\/11\/2021\/11\/BHGRE_bug.png\",\"contentUrl\":\"https:\/\/bhgrecareer.com\/bebetterblog\/wp-content\/uploads\/sites\/11\/2021\/11\/BHGRE_bug.png\",\"width\":76,\"height\":76,\"caption\":\"Better Homes and Gardens Real Estate Be Better Blog\"},\"image\":{\"@id\":\"https:\/\/bhgrecareer.com\/bebetterblog\/#\/schema\/logo\/image\/\"}}]}<\/script>\n<!-- \/ Yoast SEO plugin. -->","yoast_head_json":{"title":"- Better Homes and Gardens Real Estate Be Better Blog","robots":{"index":"index","follow":"follow","max-snippet":"max-snippet:-1","max-image-preview":"max-image-preview:large","max-video-preview":"max-video-preview:-1"},"canonical":"https:\/\/bhgrecareer.com\/bebetterblog\/siempre-mujer\/","og_locale":"en_US","og_type":"article","og_title":"- Better Homes and Gardens Real Estate Be Better Blog","og_description":"Reciba consejos de decoraci\u00f3n del hogar, dise\u00f1o de exteriores, y de la compraventa del inmueble, ofrecidos por los expertos en estilo de vida y dise\u00f1o de Better Homes and Garden\u00ae Real Estate. Marlene Pratt Dise\u00f1adora profesional Marlene Pratt \u2013 la profesional en mejoras al hogar de Casa Latina \u2013 cuenta con m\u00e1s de una d\u00e9cada [&hellip;]","og_url":"https:\/\/bhgrecareer.com\/bebetterblog\/siempre-mujer\/","og_site_name":"Better Homes and Gardens Real Estate Be Better Blog","og_image":[{"url":"http:\/\/www.bhgrealestate.com\/wp-content\/uploads\/2015\/05\/Siempre-Mujer-Campaign_landingpage_r15_03.jpg","type":"","width":"","height":""}],"twitter_card":"summary_large_image","twitter_misc":{"Est. reading time":"1 minute"},"schema":{"@context":"https:\/\/schema.org","@graph":[{"@type":"WebPage","@id":"https:\/\/bhgrecareer.com\/bebetterblog\/siempre-mujer\/","url":"https:\/\/bhgrecareer.com\/bebetterblog\/siempre-mujer\/","name":"- Better Homes and Gardens Real Estate Be Better Blog","isPartOf":{"@id":"https:\/\/bhgrecareer.com\/bebetterblog\/#website"},"primaryImageOfPage":{"@id":"https:\/\/bhgrecareer.com\/bebetterblog\/siempre-mujer\/#primaryimage"},"image":{"@id":"https:\/\/bhgrecareer.com\/bebetterblog\/siempre-mujer\/#primaryimage"},"thumbnailUrl":"http:\/\/www.bhgrealestate.com\/wp-content\/uploads\/2015\/05\/Siempre-Mujer-Campaign_landingpage_r15_03.jpg","datePublished":"2015-05-11T17:27:44+00:00","inLanguage":"en-US","potentialAction":[{"@type":"ReadAction","target":["https:\/\/bhgrecareer.com\/bebetterblog\/siempre-mujer\/"]}]},{"@type":"ImageObject","inLanguage":"en-US","@id":"https:\/\/bhgrecareer.com\/bebetterblog\/siempre-mujer\/#primaryimage","url":"http:\/\/www.bhgrealestate.com\/wp-content\/uploads\/2015\/05\/Siempre-Mujer-Campaign_landingpage_r15_03.jpg","contentUrl":"http:\/\/www.bhgrealestate.com\/wp-content\/uploads\/2015\/05\/Siempre-Mujer-Campaign_landingpage_r15_03.jpg"},{"@type":"WebSite","@id":"https:\/\/bhgrecareer.com\/bebetterblog\/#website","url":"https:\/\/bhgrecareer.com\/bebetterblog\/","name":"Better Homes and Gardens Real Estate Be Better Blog","description":"Insights into the Real Estate Industry","publisher":{"@id":"https:\/\/bhgrecareer.com\/bebetterblog\/#organization"},"potentialAction":[{"@type":"SearchAction","target":{"@type":"EntryPoint","urlTemplate":"https:\/\/bhgrecareer.com\/bebetterblog\/?s={search_term_string}"},"query-input":{"@type":"PropertyValueSpecification","valueRequired":true,"valueName":"search_term_string"}}],"inLanguage":"en-US"},{"@type":"Organization","@id":"https:\/\/bhgrecareer.com\/bebetterblog\/#organization","name":"Better Homes and Gardens Real Estate Be Better Blog","url":"https:\/\/bhgrecareer.com\/bebetterblog\/","logo":{"@type":"ImageObject","inLanguage":"en-US","@id":"https:\/\/bhgrecareer.com\/bebetterblog\/#\/schema\/logo\/image\/","url":"https:\/\/bhgrecareer.com\/bebetterblog\/wp-content\/uploads\/sites\/11\/2021\/11\/BHGRE_bug.png","contentUrl":"https:\/\/bhgrecareer.com\/bebetterblog\/wp-content\/uploads\/sites\/11\/2021\/11\/BHGRE_bug.png","width":76,"height":76,"caption":"Better Homes and Gardens Real Estate Be Better Blog"},"image":{"@id":"https:\/\/bhgrecareer.com\/bebetterblog\/#\/schema\/logo\/image\/"}}]}},"_links":{"self":[{"href":"https:\/\/bhgrecareer.com\/bebetterblog\/wp-json\/wp\/v2\/pages\/3341","targetHints":{"allow":["GET"]}}],"collection":[{"href":"https:\/\/bhgrecareer.com\/bebetterblog\/wp-json\/wp\/v2\/pages"}],"about":[{"href":"https:\/\/bhgrecareer.com\/bebetterblog\/wp-json\/wp\/v2\/types\/page"}],"author":[{"embeddable":true,"href":"https:\/\/bhgrecareer.com\/bebetterblog\/wp-json\/wp\/v2\/users\/31"}],"replies":[{"embeddable":true,"href":"https:\/\/bhgrecareer.com\/bebetterblog\/wp-json\/wp\/v2\/comments?post=3341"}],"version-history":[{"count":0,"href":"https:\/\/bhgrecareer.com\/bebetterblog\/wp-json\/wp\/v2\/pages\/3341\/revisions"}],"wp:attachment":[{"href":"https:\/\/bhgrecareer.com\/bebetterblog\/wp-json\/wp\/v2\/media?parent=3341"}],"curies":[{"name":"wp","href":"https:\/\/api.w.org\/{rel}","templated":true}]}}